{"id":2563,"date":"2026-01-29T22:09:03","date_gmt":"2026-01-29T21:09:03","guid":{"rendered":"https:\/\/www.gemzse.hu\/?page_id=2563"},"modified":"2026-01-29T22:14:21","modified_gmt":"2026-01-29T21:14:21","slug":"ut-hid-jardakerekparforgalmi-letesitmeny-epitese-felujitasa-2024","status":"publish","type":"page","link":"https:\/\/www.gemzse.hu\/?page_id=2563","title":{"rendered":"\u00dat, h\u00edd, j\u00e1rda,ker\u00e9kp\u00e1rforgalmi l\u00e9tes\u00edtm\u00e9ny \u00e9p\u00edt\u00e9se\/fel\u00faj\u00edt\u00e1sa-2024"},"content":{"rendered":"\n<p style=\"text-align: center;\"><strong>Z\u00c1R\u00d3 SZAKMAI BESZ\u00c1MOL\u00d3<\/strong><\/p>\n<p><strong>T\u00e1mogat\u00f3i okirat iratazonos\u00edt\u00f3:<\/strong> 3959994945<br \/><strong>T\u00e1mogat\u00e1si \u00f6sszeg:<\/strong> 6 889 002 Ft<br \/><strong>T\u00e1mogat\u00e1si intenzit\u00e1s:<\/strong> 100 %<br \/><strong>Projekt fizikai z\u00e1r\u00e1sa:<\/strong> 2025. november 13.<\/p>\n<p>Gemzse K\u00f6zs\u00e9g \u00d6nkorm\u00e1nyzata, mint kedvezm\u00e9nyezett, a Magyar Falu Program ,,\u00dat, h\u00edd, j\u00e1rda, ker\u00e9kp\u00e1rforgalmi l\u00e9tes\u00edtm\u00e9ny \u00e9p\u00edt\u00e9se\/fel\u00faj\u00edt\u00e1sa-2024&#8243; c\u00edm\u0171 p\u00e1ly\u00e1zati felh\u00edv\u00e1sa keret\u00e9ben sikeresen megval\u00f3s\u00edtotta a ,,J\u00e1rdafel\u00faj\u00edt\u00e1s a Kossuth utc\u00e1n&#8221; elnevez\u00e9s\u0171 projektj \u00e9t. A beruh\u00e1z\u00e1s els\u0151dleges c\u00e9lja a telep\u00fcl\u00e9si infrastrukt\u00fara fejleszt\u00e9se \u00e9s a k\u00f6zleked\u00e9sbiztons\u00e1g jav\u00edt\u00e1sa volt a Kossuth utca \u00e9rintett szakasz\u00e1n.<\/p>\n<p>A kivitelez\u00e9si munk\u00e1latok sor\u00e1n \u00f6sszesen 365,0 foly\u00f3m\u00e9ter hossz\u00fas\u00e1g\u00fa \u00e9s 1,0 m\u00e9ter sz\u00e9less\u00e9g\u0171 j\u00e1rdaszakasz \u00fajult meg, \u00f6sszesen 365,0 n\u00e9gyzetm\u00e9ter ter\u00fcleten. A m\u0171szaki megval\u00f3s\u00edt\u00e1s sor\u00e1n a megl\u00e9v\u0151, elhaszn\u00e1l\u00f3dott betonfel\u00fclet lok\u00e1lis jav\u00edt\u00e1s\u00e1t k\u00f6vet\u0151en bitumenemulzi\u00f3s permetez\u00e9s, majd 4,5 cm vastags\u00e1g\u00fa AC-8 kop\u00f3 jel\u0171 aszfaltr\u00e9teg ter\u00edt\u00e9se t\u00f6rt\u00e9nt meg. A projekt r\u00e9sz\u00e9t k\u00e9pezte az al\u00e9p\u00edtm\u00e9nyi munk\u00e1k elv\u00e9gz\u00e9se, a padkarendez\u00e9s, a n\u00f6v\u00e9nyzet elt\u00e1vol\u00edt\u00e1sa, valamint a munk\u00e1latok befejez\u00e9sek\u00e9nt a k\u00f6rnyezet f\u00fcves\u00edt\u00e9se \u00e9s a keletkezett \u00e9p\u00edt\u00e9si t\u00f6rmel\u00e9k elsz\u00e1ll\u00edt\u00e1sa is.<\/p>\n<p>A fizikai kivitelez\u00e9st megel\u0151z\u0151en, a szakmai el\u0151k\u00e9sz\u00edt\u00e9s keret\u00e9ben elk\u00e9sz\u00fclt a teljes k\u00f6r\u0171<br \/>tervdokument\u00e1ci\u00f3 \u00e9s a t\u00e1mogat\u00e1si k\u00e9relem dokument\u00e1ci\u00f3ja. A megval\u00f3s\u00edt\u00e1s folyamat\u00e1t v\u00e9gig m\u0171szaki ellen\u0151ri szolg\u00e1ltat\u00e1s fel\u00fcgyelte, a projekt adminisztrat\u00edv \u00e9s p\u00e9nz\u00fcgyi ir\u00e1ny\u00edt\u00e1s\u00e1t pedig szakszer\u0171 projektmenedzsment biztos\u00edtotta a kezd\u00e9si id\u0151pontt\u00f3l a fizikai befejez\u00e9sig. Az \u00d6nkorm\u00e1nyzat marad\u00e9ktalanul eleget tett a Magyar Falu Program arculati k\u00e9zik\u00f6nyv\u00e9ben el\u0151\u00edrt k\u00f6telez\u0151 t\u00e1j\u00e9koztat\u00e1si \u00e9s nyilv\u00e1noss\u00e1gi feladatoknak a vonatkoz\u00f3 t\u00e1j\u00e9koztat\u00f3 t\u00e1bla elk\u00e9sz\u00edt\u00e9s\u00e9vel \u00e9s kihelyez\u00e9s\u00e9vel.<\/p>\n<p>A projekt 2025. november 13-\u00e1n sikeresen \u00e9s teljesk\u00f6r\u0171en lez\u00e1rult, a megval\u00f3s\u00edt\u00e1s sor\u00e1n felhaszn\u00e1lt 6 889 002 Ft \u00f6sszeg\u0171 t\u00e1mogat\u00e1s elsz\u00e1mol\u00e1sa \u00e9s a szakmai besz\u00e1mol\u00f3 beny\u00fajt\u00e1sa az el\u0151\u00edr\u00e1soknak megfelel\u0151en megt\u00f6rt\u00e9nt.<\/p>\n<p><a href=\"https:\/\/www.gemzse.hu\/wp-content\/uploads\/2026\/01\/Zaro-szakmai-beszamolo-rc.pdf\">Let\u00f6lthet\u0151 &#8222;Za\u0301ro\u0301 szakmai besza\u0301molo\u0301&#8221;<\/a><\/p>\n<p>Gemzse, 2025. janu\u00e1r 7.<\/p>\n<p>Varga S\u00e1ndor, polg\u00e1rmester<br \/>Gemzse K\u00f6zs\u00e9g \u00d6nkorm\u00e1nyzata<\/p>\n<h3 class=\"wp-block-image\" style=\"text-align: center;\"><a href=\"https:\/\/www.gemzse.hu\/wp-content\/uploads\/2026\/01\/IMG_6980.jpg\">T\u00e1j\u00e9koztat\u00f3 t\u00e1bla<img loading=\"lazy\" decoding=\"async\" class=\"wpa-warning wpa-image-missing-alt aligncenter size-large wp-image-2567\" src=\"https:\/\/www.gemzse.hu\/wp-content\/uploads\/2026\/01\/IMG_6980-678x1024.jpg\" alt=\"\" width=\"678\" height=\"1024\" data-warning=\"Missing alt text\" srcset=\"https:\/\/www.gemzse.hu\/wp-content\/uploads\/2026\/01\/IMG_6980-678x1024.jpg 678w, https:\/\/www.gemzse.hu\/wp-content\/uploads\/2026\/01\/IMG_6980-199x300.jpg 199w, https:\/\/www.gemzse.hu\/wp-content\/uploads\/2026\/01\/IMG_6980-768x1159.jpg 768w, https:\/\/www.gemzse.hu\/wp-content\/uploads\/2026\/01\/IMG_6980-750x1132.jpg 750w, https:\/\/www.gemzse.hu\/wp-content\/uploads\/2026\/01\/IMG_6980.jpg 899w\" sizes=\"auto, (max-width: 678px) 100vw, 678px\" \/><\/a><\/h3>\n<p>\u00a0<\/p>\n","protected":false},"excerpt":{"rendered":"","protected":false},"author":1,"featured_media":0,"parent":0,"menu_order":0,"comment_status":"closed","ping_status":"closed","template":"","meta":{"footnotes":""},"class_list":["post-2563","page","type-page","status-publish","hentry","nodate","item-wrap"],"_links":{"self":[{"href":"https:\/\/www.gemzse.hu\/index.php?rest_route=\/wp\/v2\/pages\/2563","targetHints":{"allow":["GET"]}}],"collection":[{"href":"https:\/\/www.gemzse.hu\/index.php?rest_route=\/wp\/v2\/pages"}],"about":[{"href":"https:\/\/www.gemzse.hu\/index.php?rest_route=\/wp\/v2\/types\/page"}],"author":[{"embeddable":true,"href":"https:\/\/www.gemzse.hu\/index.php?rest_route=\/wp\/v2\/users\/1"}],"replies":[{"embeddable":true,"href":"https:\/\/www.gemzse.hu\/index.php?rest_route=%2Fwp%2Fv2%2Fcomments&post=2563"}],"version-history":[{"count":2,"href":"https:\/\/www.gemzse.hu\/index.php?rest_route=\/wp\/v2\/pages\/2563\/revisions"}],"predecessor-version":[{"id":2570,"href":"https:\/\/www.gemzse.hu\/index.php?rest_route=\/wp\/v2\/pages\/2563\/revisions\/2570"}],"wp:attachment":[{"href":"https:\/\/www.gemzse.hu\/index.php?rest_route=%2Fwp%2Fv2%2Fmedia&parent=2563"}],"curies":[{"name":"wp","href":"https:\/\/api.w.org\/{rel}","templated":true}]}}