{"id":2609,"date":"2026-04-15T21:15:46","date_gmt":"2026-04-15T19:15:46","guid":{"rendered":"https:\/\/www.gemzse.hu\/?page_id=2609"},"modified":"2026-04-15T21:42:54","modified_gmt":"2026-04-15T19:42:54","slug":"2026-evi-ogy-valasztas-jegyzokonyvek","status":"publish","type":"page","link":"https:\/\/www.gemzse.hu\/?page_id=2609","title":{"rendered":"2026. \u00c9VI OGY V\u00c1LASZT\u00c1S JEGYZ\u0150K\u00d6NYVEK"},"content":{"rendered":"\n<div data-wp-interactive=\"core\/file\" class=\"wp-block-file\"><object data-wp-bind--hidden=\"!state.hasPdfPreview\" hidden class=\"wp-block-file__embed\" data=\"https:\/\/www.gemzse.hu\/wp-content\/uploads\/2026\/04\/JKV-egyeni-Gemzse-2026.pdf\" type=\"application\/pdf\" style=\"width:100%;height:200px\" aria-label=\"Szavaz\u00f3k\u00f6ri jegyz\u0151k\u00f6nyv orszaggy\u00fcl\u00e9si egy\u00e9ni v\u00e1laszt\u00f3ker\u00fcleti k\u00e9pvisel\u0151 v\u00e1laszt\u00e1sr\u00f3l -  Gemzse 2026 be\u00e1gyaz\u00e1sa\"><\/object><a id=\"wp-block-file--media-05d9f641-90ca-4af9-8969-6b4f9cc6ffab\" href=\"https:\/\/www.gemzse.hu\/wp-content\/uploads\/2026\/04\/JKV-egyeni-Gemzse-2026.pdf\">Szavaz\u00f3k\u00f6ri jegyz\u0151k\u00f6nyv orszaggy\u00fcl\u00e9si egy\u00e9ni v\u00e1laszt\u00f3ker\u00fcleti k\u00e9pvisel\u0151 v\u00e1laszt\u00e1sr\u00f3l &#8211;  Gemzse 2026<\/a><a href=\"https:\/\/www.gemzse.hu\/wp-content\/uploads\/2026\/04\/JKV-egyeni-Gemzse-2026.pdf\" class=\"wp-block-file__button wp-element-button\" download aria-describedby=\"wp-block-file--media-05d9f641-90ca-4af9-8969-6b4f9cc6ffab\">Let\u00f6lt\u00e9s<\/a><\/div>\n\n\n\n<div data-wp-interactive=\"core\/file\" class=\"wp-block-file\"><object data-wp-bind--hidden=\"!state.hasPdfPreview\" hidden class=\"wp-block-file__embed\" data=\"https:\/\/www.gemzse.hu\/wp-content\/uploads\/2026\/04\/JKV-orszagos-Gemzse-2026.pdf\" type=\"application\/pdf\" style=\"width:100%;height:200px\" aria-label=\"Szavaz\u00f3k\u00f6ri jegyz\u0151k\u00f6nyv az orsza\u0301gos list\u00e1s v\u00e1laszt\u00e1sr\u00f3l - Gemzse 2026 be\u00e1gyaz\u00e1sa\"><\/object><a id=\"wp-block-file--media-22ae5bf6-4126-4ae9-adcd-0604b4eefc68\" href=\"https:\/\/www.gemzse.hu\/wp-content\/uploads\/2026\/04\/JKV-orszagos-Gemzse-2026.pdf\">Szavaz\u00f3k\u00f6ri jegyz\u0151k\u00f6nyv az orsza\u0301gos list\u00e1s v\u00e1laszt\u00e1sr\u00f3l &#8211; Gemzse 2026<\/a><a href=\"https:\/\/www.gemzse.hu\/wp-content\/uploads\/2026\/04\/JKV-orszagos-Gemzse-2026.pdf\" class=\"wp-block-file__button wp-element-button\" download aria-describedby=\"wp-block-file--media-22ae5bf6-4126-4ae9-adcd-0604b4eefc68\">Let\u00f6lt\u00e9s<\/a><\/div>\n\n\n\n<div data-wp-interactive=\"core\/file\" class=\"wp-block-file\"><object data-wp-bind--hidden=\"!state.hasPdfPreview\" hidden class=\"wp-block-file__embed\" data=\"https:\/\/www.gemzse.hu\/wp-content\/uploads\/2026\/04\/JKV-Gemzse-altalanos-2026.pdf\" type=\"application\/pdf\" style=\"width:100%;height:200px\" aria-label=\"\u00c1ltal\u00e1nos szavaz\u00f3k\u00f6ri jegyz\u0151k\u00f6nyv - 2026 be\u00e1gyaz\u00e1sa\"><\/object><a id=\"wp-block-file--media-02701ef7-61f4-440b-b641-2012ed6d4dfe\" href=\"https:\/\/www.gemzse.hu\/wp-content\/uploads\/2026\/04\/JKV-Gemzse-altalanos-2026.pdf\">\u00c1ltal\u00e1nos szavaz\u00f3k\u00f6ri jegyz\u0151k\u00f6nyv &#8211; 2026<\/a><a href=\"https:\/\/www.gemzse.hu\/wp-content\/uploads\/2026\/04\/JKV-Gemzse-altalanos-2026.pdf\" class=\"wp-block-file__button wp-element-button\" download aria-describedby=\"wp-block-file--media-02701ef7-61f4-440b-b641-2012ed6d4dfe\">Let\u00f6lt\u00e9s<\/a><\/div>\n","protected":false},"excerpt":{"rendered":"","protected":false},"author":1,"featured_media":0,"parent":0,"menu_order":0,"comment_status":"closed","ping_status":"closed","template":"","meta":{"footnotes":""},"class_list":["post-2609","page","type-page","status-publish","hentry","nodate","item-wrap"],"_links":{"self":[{"href":"https:\/\/www.gemzse.hu\/index.php?rest_route=\/wp\/v2\/pages\/2609","targetHints":{"allow":["GET"]}}],"collection":[{"href":"https:\/\/www.gemzse.hu\/index.php?rest_route=\/wp\/v2\/pages"}],"about":[{"href":"https:\/\/www.gemzse.hu\/index.php?rest_route=\/wp\/v2\/types\/page"}],"author":[{"embeddable":true,"href":"https:\/\/www.gemzse.hu\/index.php?rest_route=\/wp\/v2\/users\/1"}],"replies":[{"embeddable":true,"href":"https:\/\/www.gemzse.hu\/index.php?rest_route=%2Fwp%2Fv2%2Fcomments&post=2609"}],"version-history":[{"count":4,"href":"https:\/\/www.gemzse.hu\/index.php?rest_route=\/wp\/v2\/pages\/2609\/revisions"}],"predecessor-version":[{"id":2621,"href":"https:\/\/www.gemzse.hu\/index.php?rest_route=\/wp\/v2\/pages\/2609\/revisions\/2621"}],"wp:attachment":[{"href":"https:\/\/www.gemzse.hu\/index.php?rest_route=%2Fwp%2Fv2%2Fmedia&parent=2609"}],"curies":[{"name":"wp","href":"https:\/\/api.w.org\/{rel}","templated":true}]}}