{"id":28,"date":"2015-01-19T21:36:45","date_gmt":"2015-01-19T20:36:45","guid":{"rendered":"http:\/\/www.gemzse.hu\/?page_id=28"},"modified":"2018-03-24T17:11:34","modified_gmt":"2018-03-24T16:11:34","slug":"2015-evi-jegyzokonyvek","status":"publish","type":"page","link":"https:\/\/www.gemzse.hu\/?page_id=28","title":{"rendered":"2015. \u00e9vi jegyz\u0151k\u00f6nyvek"},"content":{"rendered":"<h4><strong>2015. \u00e9vi\u00a0K\u00e9pvisel\u0151-test\u00fcleti \u00fcl\u00e9sek jegyz\u0151k\u00f6nyvei<\/strong><\/h4>\n<ul>\n<li><a href=\"https:\/\/www.gemzse.hu\/wp-content\/uploads\/2015\/01\/Jegyz\u0151k\u00f6nyv-20150922.pdf\" rel=\"\">Jegyz\u0151k\u00f6nyv 20150922<\/a><\/li>\n<li><a href=\"https:\/\/www.gemzse.hu\/wp-content\/uploads\/2015\/01\/Jegyz\u0151k\u00f6nyv-20150903.pdf\" rel=\"\">Jegyz\u0151k\u00f6nyv 20150903<\/a><\/li>\n<li><a href=\"https:\/\/www.gemzse.hu\/wp-content\/uploads\/2015\/01\/Jegyz\u0151k\u00f6nyv-20150810-rendk\u00edv\u00fcli.pdf\" rel=\"\">Jegyz\u0151k\u00f6nyv 20150810 rendk\u00edv\u00fcli<\/a><\/li>\n<li><a href=\"https:\/\/www.gemzse.hu\/wp-content\/uploads\/2015\/01\/Jegyzokonyv20150608rendkiv\u00fcli.pdf\">Jegyz\u0151k\u00f6nyv 20150608 rendk\u00edv\u00fcli<\/a><\/li>\n<li><a href=\"https:\/\/www.gemzse.hu\/wp-content\/uploads\/2015\/01\/Jegyzokonyv20150505rendkiv\u00fcli.pdf\">Jegyz\u0151k\u00f6nyv 20150505 rendk\u00edv\u00fcli<\/a><\/li>\n<li><a href=\"https:\/\/www.gemzse.hu\/wp-content\/uploads\/2015\/01\/Jegyzokonyv20150428.pdf\">Jegyz\u0151k\u00f6nyv 20150428<\/a><\/li>\n<li><a href=\"https:\/\/www.gemzse.hu\/wp-content\/uploads\/2015\/01\/Jegyzokonyv20150424.pdf\">Jegyz\u0151k\u00f6nyv 20150424<\/a><\/li>\n<li><a href=\"https:\/\/www.gemzse.hu\/wp-content\/uploads\/2015\/01\/Jegyz\u0151k\u00f6nyv20150226.pdf\">Jegyz\u0151k\u00f6nyv 20150226<\/a><\/li>\n<li><a href=\"https:\/\/www.gemzse.hu\/wp-content\/uploads\/2015\/01\/Jegyz\u0151k\u00f6nyv20150216.pdf\">Jegyz\u0151k\u00f6nyv 20150216<\/a><\/li>\n<li><a href=\"https:\/\/www.gemzse.hu\/wp-content\/uploads\/2015\/01\/Jegyz\u0151k\u00f6nyv20150131.pdf\">Jegyz\u0151k\u00f6nyv 20150131<\/a><\/li>\n<\/ul>\n","protected":false},"excerpt":{"rendered":"<p>2015. \u00e9vi\u00a0K\u00e9pvisel\u0151-test\u00fcleti \u00fcl\u00e9sek jegyz\u0151k\u00f6nyvei Jegyz\u0151k\u00f6nyv 20150922 Jegyz\u0151k\u00f6nyv 20150903 Jegyz\u0151k\u00f6nyv 20150810 rendk\u00edv\u00fcli Jegyz\u0151k\u00f6nyv 20150608 rendk\u00edv\u00fcli Jegyz\u0151k\u00f6nyv 20150505 rendk\u00edv\u00fcli Jegyz\u0151k\u00f6nyv 20150428 Jegyz\u0151k\u00f6nyv 20150424 Jegyz\u0151k\u00f6nyv 20150226 Jegyz\u0151k\u00f6nyv 20150216 Jegyz\u0151k\u00f6nyv 20150131<\/p>\n","protected":false},"author":1,"featured_media":0,"parent":19,"menu_order":99,"comment_status":"closed","ping_status":"closed","template":"","meta":{"footnotes":""},"class_list":["post-28","page","type-page","status-publish","hentry","nodate","item-wrap"],"_links":{"self":[{"href":"https:\/\/www.gemzse.hu\/index.php?rest_route=\/wp\/v2\/pages\/28","targetHints":{"allow":["GET"]}}],"collection":[{"href":"https:\/\/www.gemzse.hu\/index.php?rest_route=\/wp\/v2\/pages"}],"about":[{"href":"https:\/\/www.gemzse.hu\/index.php?rest_route=\/wp\/v2\/types\/page"}],"author":[{"embeddable":true,"href":"https:\/\/www.gemzse.hu\/index.php?rest_route=\/wp\/v2\/users\/1"}],"replies":[{"embeddable":true,"href":"https:\/\/www.gemzse.hu\/index.php?rest_route=%2Fwp%2Fv2%2Fcomments&post=28"}],"version-history":[{"count":10,"href":"https:\/\/www.gemzse.hu\/index.php?rest_route=\/wp\/v2\/pages\/28\/revisions"}],"predecessor-version":[{"id":521,"href":"https:\/\/www.gemzse.hu\/index.php?rest_route=\/wp\/v2\/pages\/28\/revisions\/521"}],"up":[{"embeddable":true,"href":"https:\/\/www.gemzse.hu\/index.php?rest_route=\/wp\/v2\/pages\/19"}],"wp:attachment":[{"href":"https:\/\/www.gemzse.hu\/index.php?rest_route=%2Fwp%2Fv2%2Fmedia&parent=28"}],"curies":[{"name":"wp","href":"https:\/\/api.w.org\/{rel}","templated":true}]}}