{"id":309,"date":"2015-02-20T22:08:37","date_gmt":"2015-02-20T21:08:37","guid":{"rendered":"http:\/\/www.gemzse.hu\/?page_id=309"},"modified":"2018-03-24T17:08:18","modified_gmt":"2018-03-24T16:08:18","slug":"2014-evi-rno-jegyzokonyvek","status":"publish","type":"page","link":"https:\/\/www.gemzse.hu\/?page_id=309","title":{"rendered":"2014. \u00e9vi RN\u00d6 jegyz\u0151k\u00f6nyvek"},"content":{"rendered":"<ul>\n<li><a href=\"https:\/\/www.gemzse.hu\/wp-content\/uploads\/2015\/02\/RN\u00d6-jegyz\u0151k\u00f6nyv-20141229-kozmeghallgatas.pdf\">RN\u00d6 \u00a0Jegyz\u0151k\u00f6nyv 20141229 k\u00f6zmeghallgat\u00e1s<\/a><\/li>\n<li><a href=\"https:\/\/www.gemzse.hu\/wp-content\/uploads\/2015\/02\/RN\u00d6-Jegyz\u0151k\u00f6nyv-20141209.pdf\">RN\u00d6 Jegyz\u0151k\u00f6nyv 20141209<\/a><\/li>\n<li><a href=\"https:\/\/www.gemzse.hu\/wp-content\/uploads\/2015\/02\/RN\u00d6-Jegyz\u0151k\u00f6nyv-20141021-alakul\u00f3.pdf\">RN\u00d6 Jegyz\u0151k\u00f6nyv 20141021 alakul\u00f3<\/a><\/li>\n<li><a href=\"https:\/\/www.gemzse.hu\/wp-content\/uploads\/2015\/02\/RN\u00d6-Jegyz\u0151k\u00f6nyv-20140930.pdf\">RN\u00d6 Jegyz\u0151k\u00f6nyv 20140930<\/a><\/li>\n<li><a href=\"https:\/\/www.gemzse.hu\/wp-content\/uploads\/2015\/02\/RN\u00d6-Jegyz\u0151k\u00f6nyv-20140530.pdf\">RN\u00d6 Jegyz\u0151k\u00f6nyv 20140530<\/a><\/li>\n<li><a href=\"https:\/\/www.gemzse.hu\/wp-content\/uploads\/2015\/02\/RN\u00d6-Jegyz\u0151k\u00f6nyv-20140513.pdf\">RN\u00d6 Jegyz\u0151k\u00f6nyv 20140513<\/a><\/li>\n<li><a href=\"https:\/\/www.gemzse.hu\/wp-content\/uploads\/2015\/02\/RN\u00d6-Jegyz\u0151k\u00f6nyv-20140415.pdf\">RN\u00d6 Jegyz\u0151k\u00f6nyv 20140415<\/a><\/li>\n<li><a href=\"https:\/\/www.gemzse.hu\/wp-content\/uploads\/2015\/02\/RN\u00d6-jegyz\u0151k\u00f6nyv-20140204.pdf\">RN\u00d6 Jegyz\u0151k\u00f6nyv 20140204<\/a><\/li>\n<\/ul>\n","protected":false},"excerpt":{"rendered":"<p>RN\u00d6 \u00a0Jegyz\u0151k\u00f6nyv 20141229 k\u00f6zmeghallgat\u00e1s RN\u00d6 Jegyz\u0151k\u00f6nyv 20141209 RN\u00d6 Jegyz\u0151k\u00f6nyv 20141021 alakul\u00f3 RN\u00d6 Jegyz\u0151k\u00f6nyv 20140930 RN\u00d6 Jegyz\u0151k\u00f6nyv 20140530 RN\u00d6 Jegyz\u0151k\u00f6nyv 20140513 RN\u00d6 Jegyz\u0151k\u00f6nyv 20140415 RN\u00d6 Jegyz\u0151k\u00f6nyv 20140204<\/p>\n","protected":false},"author":1,"featured_media":0,"parent":306,"menu_order":100,"comment_status":"closed","ping_status":"closed","template":"","meta":{"footnotes":""},"class_list":["post-309","page","type-page","status-publish","hentry","nodate","item-wrap"],"_links":{"self":[{"href":"https:\/\/www.gemzse.hu\/index.php?rest_route=\/wp\/v2\/pages\/309","targetHints":{"allow":["GET"]}}],"collection":[{"href":"https:\/\/www.gemzse.hu\/index.php?rest_route=\/wp\/v2\/pages"}],"about":[{"href":"https:\/\/www.gemzse.hu\/index.php?rest_route=\/wp\/v2\/types\/page"}],"author":[{"embeddable":true,"href":"https:\/\/www.gemzse.hu\/index.php?rest_route=\/wp\/v2\/users\/1"}],"replies":[{"embeddable":true,"href":"https:\/\/www.gemzse.hu\/index.php?rest_route=%2Fwp%2Fv2%2Fcomments&post=309"}],"version-history":[{"count":4,"href":"https:\/\/www.gemzse.hu\/index.php?rest_route=\/wp\/v2\/pages\/309\/revisions"}],"predecessor-version":[{"id":322,"href":"https:\/\/www.gemzse.hu\/index.php?rest_route=\/wp\/v2\/pages\/309\/revisions\/322"}],"up":[{"embeddable":true,"href":"https:\/\/www.gemzse.hu\/index.php?rest_route=\/wp\/v2\/pages\/306"}],"wp:attachment":[{"href":"https:\/\/www.gemzse.hu\/index.php?rest_route=%2Fwp%2Fv2%2Fmedia&parent=309"}],"curies":[{"name":"wp","href":"https:\/\/api.w.org\/{rel}","templated":true}]}}