{"id":340,"date":"2015-03-04T21:56:24","date_gmt":"2015-03-04T20:56:24","guid":{"rendered":"http:\/\/www.gemzse.hu\/?page_id=340"},"modified":"2023-10-26T23:08:15","modified_gmt":"2023-10-26T21:08:15","slug":"gemzse-kozseg-onkormanyzata","status":"publish","type":"page","link":"https:\/\/www.gemzse.hu\/?page_id=340","title":{"rendered":"Gemzse K\u00f6zs\u00e9g \u00d6nkorm\u00e1nyzata"},"content":{"rendered":"<p><strong>Polg\u00e1rmester:<\/strong> Varga S\u00e1ndor<\/p>\n<p><strong>K\u00e9pvisel\u0151-test\u00fclet:<\/strong><br \/>\nSzab\u00f3 S\u00e1ndorn\u00e9 alpolg\u00e1rmester<br \/>\nCzomba Zsolt<br \/>\nKoz\u00e1k L\u00e1szl\u00f3<br \/>\nSebesty\u00e9n Zsolt<\/p>\n<p><strong>\u00dcgyrendi Bizotts\u00e1g:<\/strong><br \/>\nSebesty\u00e9n Zsolt eln\u00f6k<br \/>\nCzomba Zsolt<br \/>\nKoz\u00e1k L\u00e1szl\u00f3<\/p>\n<p><strong>Jegyz\u0151:<\/strong> L\u00e9vai K\u00e1roly<\/p>\n<p><strong>\u00dcgyf\u00e9lfogad\u00e1s:<\/strong><br \/>\nKedd: 8:00 \u2013 12:00<br \/>\nCs\u00fct\u00f6rt\u00f6k: 8:00 \u2013 12:00<\/p>\n","protected":false},"excerpt":{"rendered":"<p>Polg\u00e1rmester: Varga S\u00e1ndor K\u00e9pvisel\u0151-test\u00fclet: Szab\u00f3 S\u00e1ndorn\u00e9 alpolg\u00e1rmester Czomba Zsolt Koz\u00e1k L\u00e1szl\u00f3 Sebesty\u00e9n Zsolt \u00dcgyrendi Bizotts\u00e1g: Sebesty\u00e9n Zsolt eln\u00f6k Czomba Zsolt Koz\u00e1k L\u00e1szl\u00f3 Jegyz\u0151: L\u00e9vai K\u00e1roly \u00dcgyf\u00e9lfogad\u00e1s: Kedd: 8:00 \u2013 12:00 Cs\u00fct\u00f6rt\u00f6k: 8:00 \u2013 12:00<\/p>\n","protected":false},"author":1,"featured_media":0,"parent":145,"menu_order":0,"comment_status":"closed","ping_status":"closed","template":"","meta":{"footnotes":""},"class_list":["post-340","page","type-page","status-publish","hentry","nodate","item-wrap"],"_links":{"self":[{"href":"https:\/\/www.gemzse.hu\/index.php?rest_route=\/wp\/v2\/pages\/340","targetHints":{"allow":["GET"]}}],"collection":[{"href":"https:\/\/www.gemzse.hu\/index.php?rest_route=\/wp\/v2\/pages"}],"about":[{"href":"https:\/\/www.gemzse.hu\/index.php?rest_route=\/wp\/v2\/types\/page"}],"author":[{"embeddable":true,"href":"https:\/\/www.gemzse.hu\/index.php?rest_route=\/wp\/v2\/users\/1"}],"replies":[{"embeddable":true,"href":"https:\/\/www.gemzse.hu\/index.php?rest_route=%2Fwp%2Fv2%2Fcomments&post=340"}],"version-history":[{"count":2,"href":"https:\/\/www.gemzse.hu\/index.php?rest_route=\/wp\/v2\/pages\/340\/revisions"}],"predecessor-version":[{"id":1995,"href":"https:\/\/www.gemzse.hu\/index.php?rest_route=\/wp\/v2\/pages\/340\/revisions\/1995"}],"up":[{"embeddable":true,"href":"https:\/\/www.gemzse.hu\/index.php?rest_route=\/wp\/v2\/pages\/145"}],"wp:attachment":[{"href":"https:\/\/www.gemzse.hu\/index.php?rest_route=%2Fwp%2Fv2%2Fmedia&parent=340"}],"curies":[{"name":"wp","href":"https:\/\/api.w.org\/{rel}","templated":true}]}}