{"id":343,"date":"2015-03-04T21:59:14","date_gmt":"2015-03-04T20:59:14","guid":{"rendered":"http:\/\/www.gemzse.hu\/?page_id=343"},"modified":"2023-10-26T23:12:27","modified_gmt":"2023-10-26T21:12:27","slug":"gemzse-kozseg-roma-nemzetisegi-onkormanyzat","status":"publish","type":"page","link":"https:\/\/www.gemzse.hu\/?page_id=343","title":{"rendered":"Gemzse K\u00f6zs\u00e9g Roma Nemzetis\u00e9gi \u00d6nkorm\u00e1nyzat"},"content":{"rendered":"<p><strong>Nemzetis\u00e9gi \u00d6nkorm\u00e1nyzat:<br \/>\n<\/strong>Megsz\u00fcnt.<\/p>\n","protected":false},"excerpt":{"rendered":"<p>Nemzetis\u00e9gi \u00d6nkorm\u00e1nyzat: Megsz\u00fcnt.<\/p>\n","protected":false},"author":1,"featured_media":0,"parent":145,"menu_order":0,"comment_status":"closed","ping_status":"closed","template":"","meta":{"footnotes":""},"class_list":["post-343","page","type-page","status-publish","hentry","nodate","item-wrap"],"_links":{"self":[{"href":"https:\/\/www.gemzse.hu\/index.php?rest_route=\/wp\/v2\/pages\/343","targetHints":{"allow":["GET"]}}],"collection":[{"href":"https:\/\/www.gemzse.hu\/index.php?rest_route=\/wp\/v2\/pages"}],"about":[{"href":"https:\/\/www.gemzse.hu\/index.php?rest_route=\/wp\/v2\/types\/page"}],"author":[{"embeddable":true,"href":"https:\/\/www.gemzse.hu\/index.php?rest_route=\/wp\/v2\/users\/1"}],"replies":[{"embeddable":true,"href":"https:\/\/www.gemzse.hu\/index.php?rest_route=%2Fwp%2Fv2%2Fcomments&post=343"}],"version-history":[{"count":2,"href":"https:\/\/www.gemzse.hu\/index.php?rest_route=\/wp\/v2\/pages\/343\/revisions"}],"predecessor-version":[{"id":1999,"href":"https:\/\/www.gemzse.hu\/index.php?rest_route=\/wp\/v2\/pages\/343\/revisions\/1999"}],"up":[{"embeddable":true,"href":"https:\/\/www.gemzse.hu\/index.php?rest_route=\/wp\/v2\/pages\/145"}],"wp:attachment":[{"href":"https:\/\/www.gemzse.hu\/index.php?rest_route=%2Fwp%2Fv2%2Fmedia&parent=343"}],"curies":[{"name":"wp","href":"https:\/\/api.w.org\/{rel}","templated":true}]}}