{"id":346,"date":"2015-03-04T22:03:15","date_gmt":"2015-03-04T21:03:15","guid":{"rendered":"http:\/\/www.gemzse.hu\/?page_id=346"},"modified":"2023-10-26T23:10:30","modified_gmt":"2023-10-26T21:10:30","slug":"ilki-kozos-onkormanyzati-hivatal-gemzsei-kirendeltseg","status":"publish","type":"page","link":"https:\/\/www.gemzse.hu\/?page_id=346","title":{"rendered":"Ilki K\u00f6z\u00f6s \u00d6nkorm\u00e1nyzati Hivatal Gemzsei Kirendelts\u00e9g"},"content":{"rendered":"<p><strong>Hivatal:<\/strong><br \/>\nIlki K\u00f6z\u00f6s \u00d6nkorm\u00e1nyzati Hivatal Gemzsei Kirendelts\u00e9g<\/p>\n<p><strong>C\u00edm:<\/strong> 4567 Gemzse, Kossuth utca 36.<br \/>\n<strong>Telefon:<\/strong> +36 30 163-3981<br \/>\n<strong>E-mail:<\/strong> gemzsekozsegonkormanyzata@gmail.com<\/p>\n<p><strong>Hivatal dolgoz\u00f3i:<br \/>\n<\/strong>Sz\u0151ke \u00c1rp\u00e1dn\u00e9 \u00fcgyint\u00e9z\u0151<br \/>\nUjv\u00e1ri Mikl\u00f3sn\u00e9 \u00fcgyint\u00e9z\u0151<\/p>\n<p><strong>\u00dcgyf\u00e9lfogad\u00e1s:<\/strong><br \/>\nh\u00e9tf\u0151: 8-12 \u00f3r\u00e1ig,<br \/>\nkedden 8-12 \u00f3r\u00e1ig,<br \/>\nszerd\u00e1n 8-16 \u00f3r\u00e1ig,<br \/>\ncs\u00fct\u00f6rt\u00f6k\u00f6n 8-12 \u00f3r\u00e1ig;<\/p>\n","protected":false},"excerpt":{"rendered":"<p>Hivatal: Ilki K\u00f6z\u00f6s \u00d6nkorm\u00e1nyzati Hivatal Gemzsei Kirendelts\u00e9g C\u00edm: 4567 Gemzse, Kossuth utca 36. Telefon: +36 30 163-3981 E-mail: gemzsekozsegonkormanyzata@gmail.com Hivatal dolgoz\u00f3i: Sz\u0151ke \u00c1rp\u00e1dn\u00e9 \u00fcgyint\u00e9z\u0151 Ujv\u00e1ri Mikl\u00f3sn\u00e9 \u00fcgyint\u00e9z\u0151 \u00dcgyf\u00e9lfogad\u00e1s: h\u00e9tf\u0151: 8-12 \u00f3r\u00e1ig, kedden 8-12 \u00f3r\u00e1ig, szerd\u00e1n 8-16 \u00f3r\u00e1ig, cs\u00fct\u00f6rt\u00f6k\u00f6n 8-12 \u00f3r\u00e1ig;<\/p>\n","protected":false},"author":1,"featured_media":0,"parent":145,"menu_order":0,"comment_status":"closed","ping_status":"closed","template":"","meta":{"footnotes":""},"class_list":["post-346","page","type-page","status-publish","hentry","nodate","item-wrap"],"_links":{"self":[{"href":"https:\/\/www.gemzse.hu\/index.php?rest_route=\/wp\/v2\/pages\/346","targetHints":{"allow":["GET"]}}],"collection":[{"href":"https:\/\/www.gemzse.hu\/index.php?rest_route=\/wp\/v2\/pages"}],"about":[{"href":"https:\/\/www.gemzse.hu\/index.php?rest_route=\/wp\/v2\/types\/page"}],"author":[{"embeddable":true,"href":"https:\/\/www.gemzse.hu\/index.php?rest_route=\/wp\/v2\/users\/1"}],"replies":[{"embeddable":true,"href":"https:\/\/www.gemzse.hu\/index.php?rest_route=%2Fwp%2Fv2%2Fcomments&post=346"}],"version-history":[{"count":3,"href":"https:\/\/www.gemzse.hu\/index.php?rest_route=\/wp\/v2\/pages\/346\/revisions"}],"predecessor-version":[{"id":1997,"href":"https:\/\/www.gemzse.hu\/index.php?rest_route=\/wp\/v2\/pages\/346\/revisions\/1997"}],"up":[{"embeddable":true,"href":"https:\/\/www.gemzse.hu\/index.php?rest_route=\/wp\/v2\/pages\/145"}],"wp:attachment":[{"href":"https:\/\/www.gemzse.hu\/index.php?rest_route=%2Fwp%2Fv2%2Fmedia&parent=346"}],"curies":[{"name":"wp","href":"https:\/\/api.w.org\/{rel}","templated":true}]}}