{"id":350,"date":"2015-03-04T22:09:24","date_gmt":"2015-03-04T21:09:24","guid":{"rendered":"http:\/\/www.gemzse.hu\/?page_id=350"},"modified":"2015-03-04T22:09:24","modified_gmt":"2015-03-04T21:09:24","slug":"ikszt","status":"publish","type":"page","link":"https:\/\/www.gemzse.hu\/?page_id=350","title":{"rendered":"IKSZT"},"content":{"rendered":"<p>C\u00edme: 4567 Gemzse, Kossuth utca 38.<br \/>\nVezet\u0151: Koz\u00e1k L\u00e1szl\u00f3n\u00e9<\/p>\n","protected":false},"excerpt":{"rendered":"<p>C\u00edme: 4567 Gemzse, Kossuth utca 38. Vezet\u0151: Koz\u00e1k L\u00e1szl\u00f3n\u00e9<\/p>\n","protected":false},"author":1,"featured_media":0,"parent":145,"menu_order":0,"comment_status":"closed","ping_status":"closed","template":"","meta":{"footnotes":""},"class_list":["post-350","page","type-page","status-publish","hentry","nodate","item-wrap"],"_links":{"self":[{"href":"https:\/\/www.gemzse.hu\/index.php?rest_route=\/wp\/v2\/pages\/350","targetHints":{"allow":["GET"]}}],"collection":[{"href":"https:\/\/www.gemzse.hu\/index.php?rest_route=\/wp\/v2\/pages"}],"about":[{"href":"https:\/\/www.gemzse.hu\/index.php?rest_route=\/wp\/v2\/types\/page"}],"author":[{"embeddable":true,"href":"https:\/\/www.gemzse.hu\/index.php?rest_route=\/wp\/v2\/users\/1"}],"replies":[{"embeddable":true,"href":"https:\/\/www.gemzse.hu\/index.php?rest_route=%2Fwp%2Fv2%2Fcomments&post=350"}],"version-history":[{"count":1,"href":"https:\/\/www.gemzse.hu\/index.php?rest_route=\/wp\/v2\/pages\/350\/revisions"}],"predecessor-version":[{"id":351,"href":"https:\/\/www.gemzse.hu\/index.php?rest_route=\/wp\/v2\/pages\/350\/revisions\/351"}],"up":[{"embeddable":true,"href":"https:\/\/www.gemzse.hu\/index.php?rest_route=\/wp\/v2\/pages\/145"}],"wp:attachment":[{"href":"https:\/\/www.gemzse.hu\/index.php?rest_route=%2Fwp%2Fv2%2Fmedia&parent=350"}],"curies":[{"name":"wp","href":"https:\/\/api.w.org\/{rel}","templated":true}]}}