{"id":409,"date":"2015-05-23T23:04:08","date_gmt":"2015-05-23T21:04:08","guid":{"rendered":"http:\/\/www.gemzse.hu\/?page_id=409"},"modified":"2018-03-24T17:08:43","modified_gmt":"2018-03-24T16:08:43","slug":"2014-evi-rno-jegyzokonyvek-2","status":"publish","type":"page","link":"https:\/\/www.gemzse.hu\/?page_id=409","title":{"rendered":"2015. \u00e9vi RN\u00d6 jegyz\u0151k\u00f6nyvek"},"content":{"rendered":"<p><a href=\"https:\/\/www.gemzse.hu\/wp-content\/uploads\/2015\/05\/Jegyz\u0151k\u00f6nyv-20151210.pdf\" rel=\"\">RN\u00d6 Jegyz\u0151k\u00f6nyv 20151210<\/a><\/p>\n<p><a href=\"https:\/\/www.gemzse.hu\/wp-content\/uploads\/2015\/05\/Jegyz\u0151k\u00f6nyv-20151210-k\u00f6zmeghallgat\u00e1s.pdf\" rel=\"\">RN\u00d6 Jegyz\u0151k\u00f6nyv 20151210 k\u00f6zmeghallgat\u00e1s<\/a><\/p>\n<p><a href=\"https:\/\/www.gemzse.hu\/wp-content\/uploads\/2015\/05\/Jegyz\u0151k\u00f6nyv-20151203.pdf\" rel=\"\">RN\u00d6 Jegyz\u0151k\u00f6nyv 20151203<\/a><\/p>\n<p><a href=\"https:\/\/www.gemzse.hu\/wp-content\/uploads\/2015\/05\/Jegyz\u0151k\u00f6nyv-20150901.pdf\" rel=\"\">RN\u00d6 Jegyz\u0151k\u00f6nyv 20150901<\/a><\/p>\n<p><a href=\"https:\/\/www.gemzse.hu\/wp-content\/uploads\/2015\/05\/Jegyz\u0151k\u00f6nyv-20150528.pdf\" rel=\"\">RN\u00d6 Jegyz\u0151k\u00f6nyv 20150528<\/a><\/p>\n<p><a href=\"https:\/\/www.gemzse.hu\/wp-content\/uploads\/2015\/05\/Jegyzokonyv20150514.pdf\">RN\u00d6 Jegyz\u0151k\u00f6nyv 20150514<\/a><\/p>\n<p><a href=\"https:\/\/www.gemzse.hu\/wp-content\/uploads\/2015\/05\/Jegyzokonyv20150424.pdf\">RN\u00d6 Jegyz\u0151k\u00f6nyv 20150424<\/a><\/p>\n<p><a href=\"https:\/\/www.gemzse.hu\/wp-content\/uploads\/2015\/05\/RN\u00d6Jegyz\u0151k\u00f6nyv20150317.pdf\">RN\u00d6 Jegyz\u0151k\u00f6nyv 20150317<\/a><\/p>\n<p><a href=\"https:\/\/www.gemzse.hu\/wp-content\/uploads\/2015\/05\/RN\u00d6Jegyz\u0151k\u00f6nyv20150224.pdf\">RN\u00d6 Jegyz\u0151k\u00f6nyv 20150224<\/a><\/p>\n","protected":false},"excerpt":{"rendered":"<p>RN\u00d6 Jegyz\u0151k\u00f6nyv 20151210 RN\u00d6 Jegyz\u0151k\u00f6nyv 20151210 k\u00f6zmeghallgat\u00e1s RN\u00d6 Jegyz\u0151k\u00f6nyv 20151203 RN\u00d6 Jegyz\u0151k\u00f6nyv 20150901 RN\u00d6 Jegyz\u0151k\u00f6nyv 20150528 RN\u00d6 Jegyz\u0151k\u00f6nyv 20150514 RN\u00d6 Jegyz\u0151k\u00f6nyv 20150424 RN\u00d6 Jegyz\u0151k\u00f6nyv 20150317 RN\u00d6 Jegyz\u0151k\u00f6nyv 20150224<\/p>\n","protected":false},"author":1,"featured_media":0,"parent":306,"menu_order":99,"comment_status":"closed","ping_status":"closed","template":"","meta":{"footnotes":""},"class_list":["post-409","page","type-page","status-publish","hentry","nodate","item-wrap"],"_links":{"self":[{"href":"https:\/\/www.gemzse.hu\/index.php?rest_route=\/wp\/v2\/pages\/409","targetHints":{"allow":["GET"]}}],"collection":[{"href":"https:\/\/www.gemzse.hu\/index.php?rest_route=\/wp\/v2\/pages"}],"about":[{"href":"https:\/\/www.gemzse.hu\/index.php?rest_route=\/wp\/v2\/types\/page"}],"author":[{"embeddable":true,"href":"https:\/\/www.gemzse.hu\/index.php?rest_route=\/wp\/v2\/users\/1"}],"replies":[{"embeddable":true,"href":"https:\/\/www.gemzse.hu\/index.php?rest_route=%2Fwp%2Fv2%2Fcomments&post=409"}],"version-history":[{"count":6,"href":"https:\/\/www.gemzse.hu\/index.php?rest_route=\/wp\/v2\/pages\/409\/revisions"}],"predecessor-version":[{"id":511,"href":"https:\/\/www.gemzse.hu\/index.php?rest_route=\/wp\/v2\/pages\/409\/revisions\/511"}],"up":[{"embeddable":true,"href":"https:\/\/www.gemzse.hu\/index.php?rest_route=\/wp\/v2\/pages\/306"}],"wp:attachment":[{"href":"https:\/\/www.gemzse.hu\/index.php?rest_route=%2Fwp%2Fv2%2Fmedia&parent=409"}],"curies":[{"name":"wp","href":"https:\/\/api.w.org\/{rel}","templated":true}]}}