{"id":528,"date":"2016-02-11T22:35:41","date_gmt":"2016-02-11T21:35:41","guid":{"rendered":"http:\/\/www.gemzse.hu\/?page_id=528"},"modified":"2018-03-24T17:11:58","modified_gmt":"2018-03-24T16:11:58","slug":"2015-evi-jegyzokonyvek-2","status":"publish","type":"page","link":"https:\/\/www.gemzse.hu\/?page_id=528","title":{"rendered":"2016. \u00e9vi jegyz\u0151k\u00f6nyvek"},"content":{"rendered":"<p>98.<\/p>\n<h4><strong>2016. \u00e9vi\u00a0K\u00e9pvisel\u0151-test\u00fcleti \u00fcl\u00e9sek jegyz\u0151k\u00f6nyvei<\/strong><\/h4>\n<ul>\n<li><a href=\"https:\/\/www.gemzse.hu\/wp-content\/uploads\/2016\/02\/Jegyz\u0151k\u00f6nyv-20161220.pdf\" target=\"_blank\" rel=\"noopener\">Jegyz\u0151k\u00f6nyv 20161220<\/a><\/li>\n<li><a href=\"https:\/\/www.gemzse.hu\/wp-content\/uploads\/2016\/02\/Jegyz\u0151k\u00f6nyv-20161208-k\u00f6zmeghallgat\u00e1s.pdf\" target=\"_blank\" rel=\"noopener\">Jegyz\u0151k\u00f6nyv 20161208 k\u00f6zmeghallgat\u00e1s<\/a><\/li>\n<li><a href=\"https:\/\/www.gemzse.hu\/wp-content\/uploads\/2016\/02\/Jegyz\u0151k\u00f6nyv-20161118.pdf\" target=\"_blank\" rel=\"noopener\">Jegyz\u0151k\u00f6nyv 20161118<\/a><\/li>\n<li><a href=\"https:\/\/www.gemzse.hu\/wp-content\/uploads\/2016\/02\/Jegyz\u0151k\u00f6nyv-20160929.pdf\" target=\"_blank\" rel=\"noopener\">Jegyz\u0151k\u00f6nyv 20160929<\/a><\/li>\n<li><a href=\"https:\/\/www.gemzse.hu\/wp-content\/uploads\/2016\/02\/Jegyz\u0151k\u00f6nyv-20160726.pdf\" target=\"_blank\" rel=\"noopener\">Jegyz\u0151k\u00f6nyv 20160726<\/a><\/li>\n<li><a href=\"https:\/\/www.gemzse.hu\/wp-content\/uploads\/2016\/02\/Jegyz\u0151k\u00f6nyv-20160614.pdf\">Jegyz\u0151k\u00f6nyv 20160614<\/a><\/li>\n<li><a href=\"https:\/\/www.gemzse.hu\/wp-content\/uploads\/2016\/02\/Jegyz\u0151k\u00f6nyv-20160527.pdf\">Jegyz\u0151k\u00f6nyv 20160527<\/a><\/li>\n<li><a href=\"https:\/\/www.gemzse.hu\/wp-content\/uploads\/2016\/02\/Jegyz\u0151k\u00f6nyv-20160412.pdf\">Jegyz\u0151k\u00f6nyv 20160412<\/a><\/li>\n<li><a href=\"https:\/\/www.gemzse.hu\/wp-content\/uploads\/2016\/02\/Jegyz\u0151k\u00f6nyv-20160324.pdf\">Jegyz\u0151k\u00f6nyv 20160324<\/a><\/li>\n<li><a href=\"https:\/\/www.gemzse.hu\/wp-content\/uploads\/2016\/02\/Jegyz\u0151k\u00f6nyv20160302-rendk\u00edv\u00fcli.pdf\">Jegyz\u0151k\u00f6nyv 20160302 rendk\u00edv\u00fcli<\/a><\/li>\n<li><a href=\"https:\/\/www.gemzse.hu\/wp-content\/uploads\/2016\/02\/Jegyzokonyv20160211.pdf\" rel=\"\">Jegyz\u0151k\u00f6nyv 20160211<\/a><\/li>\n<li><a href=\"https:\/\/www.gemzse.hu\/wp-content\/uploads\/2016\/02\/Jegyz\u0151k\u00f6nyv-20160128.pdf\" rel=\"\">Jegyz\u0151k\u00f6nyv 20160128<\/a><\/li>\n<\/ul>\n","protected":false},"excerpt":{"rendered":"<p>98. 2016. \u00e9vi\u00a0K\u00e9pvisel\u0151-test\u00fcleti \u00fcl\u00e9sek jegyz\u0151k\u00f6nyvei Jegyz\u0151k\u00f6nyv 20161220 Jegyz\u0151k\u00f6nyv 20161208 k\u00f6zmeghallgat\u00e1s Jegyz\u0151k\u00f6nyv 20161118 Jegyz\u0151k\u00f6nyv 20160929 Jegyz\u0151k\u00f6nyv 20160726 Jegyz\u0151k\u00f6nyv 20160614 Jegyz\u0151k\u00f6nyv 20160527 Jegyz\u0151k\u00f6nyv 20160412 Jegyz\u0151k\u00f6nyv 20160324 Jegyz\u0151k\u00f6nyv 20160302 rendk\u00edv\u00fcli Jegyz\u0151k\u00f6nyv 20160211 Jegyz\u0151k\u00f6nyv 20160128<\/p>\n","protected":false},"author":1,"featured_media":0,"parent":19,"menu_order":98,"comment_status":"closed","ping_status":"closed","template":"","meta":{"footnotes":""},"class_list":["post-528","page","type-page","status-publish","hentry","nodate","item-wrap"],"_links":{"self":[{"href":"https:\/\/www.gemzse.hu\/index.php?rest_route=\/wp\/v2\/pages\/528","targetHints":{"allow":["GET"]}}],"collection":[{"href":"https:\/\/www.gemzse.hu\/index.php?rest_route=\/wp\/v2\/pages"}],"about":[{"href":"https:\/\/www.gemzse.hu\/index.php?rest_route=\/wp\/v2\/types\/page"}],"author":[{"embeddable":true,"href":"https:\/\/www.gemzse.hu\/index.php?rest_route=\/wp\/v2\/users\/1"}],"replies":[{"embeddable":true,"href":"https:\/\/www.gemzse.hu\/index.php?rest_route=%2Fwp%2Fv2%2Fcomments&post=528"}],"version-history":[{"count":13,"href":"https:\/\/www.gemzse.hu\/index.php?rest_route=\/wp\/v2\/pages\/528\/revisions"}],"predecessor-version":[{"id":1161,"href":"https:\/\/www.gemzse.hu\/index.php?rest_route=\/wp\/v2\/pages\/528\/revisions\/1161"}],"up":[{"embeddable":true,"href":"https:\/\/www.gemzse.hu\/index.php?rest_route=\/wp\/v2\/pages\/19"}],"wp:attachment":[{"href":"https:\/\/www.gemzse.hu\/index.php?rest_route=%2Fwp%2Fv2%2Fmedia&parent=528"}],"curies":[{"name":"wp","href":"https:\/\/api.w.org\/{rel}","templated":true}]}}