{"id":726,"date":"2016-04-08T19:59:12","date_gmt":"2016-04-08T17:59:12","guid":{"rendered":"http:\/\/www.gemzse.hu\/?page_id=726"},"modified":"2018-03-24T17:09:03","modified_gmt":"2018-03-24T16:09:03","slug":"2016-evi-rno-jegyzokonyvek","status":"publish","type":"page","link":"https:\/\/www.gemzse.hu\/?page_id=726","title":{"rendered":"2016. \u00e9vi RN\u00d6 jegyz\u0151k\u00f6nyvek"},"content":{"rendered":"<ul>\n<li><a href=\"https:\/\/www.gemzse.hu\/wp-content\/uploads\/2018\/03\/Jegyz\u0151k\u00f6nyv-20161208-k\u00f6zmeghallgat\u00e1s.pdf\" target=\"_blank\" rel=\"noopener\">RN\u00d6 Jegyz\u0151k\u00f6nyv 20161208 k\u00f6zmeghallgat\u00e1s<\/a><\/li>\n<li><a href=\"https:\/\/www.gemzse.hu\/wp-content\/uploads\/2018\/03\/Jegyz\u0151k\u00f6nyv-20161126.pdf\">RN\u00d6 Jegyz\u0151k\u00f6nyv 20161126<\/a><\/li>\n<li><a href=\"https:\/\/www.gemzse.hu\/wp-content\/uploads\/2018\/03\/Jegyz\u0151k\u00f6nyv-20160916.pdf\">RN\u00d6 Jegyz\u0151k\u00f6nyv 20160916<\/a><\/li>\n<li><a href=\"https:\/\/www.gemzse.hu\/wp-content\/uploads\/2018\/03\/Jegyz\u0151k\u00f6nyv-20160812.pdf\" target=\"_blank\" rel=\"noopener\">RN\u00d6 Jegyz\u0151k\u00f6nyv 20160812<\/a><\/li>\n<li><a href=\"https:\/\/www.gemzse.hu\/wp-content\/uploads\/2018\/03\/Jegyz\u0151k\u00f6nyv-20160629.pdf\" target=\"_blank\" rel=\"noopener\">RN\u0150 Jegyz\u0151k\u00f6nyv 20160629<\/a><\/li>\n<li><a href=\"https:\/\/www.gemzse.hu\/wp-content\/uploads\/2016\/04\/Jegyz\u0151k\u00f6nyv-20160531-RN\u00d6.pdf\">RN\u00d6 Jegyz\u0151k\u00f6nyv 20160531<\/a><\/li>\n<li><a href=\"https:\/\/www.gemzse.hu\/wp-content\/uploads\/2016\/04\/Jegyz\u0151k\u00f6nyv-20160510-RN\u00d6.pdf\">RN\u00d6 Jegyz\u0151k\u00f6nyv 20160510<\/a><\/li>\n<li><a href=\"https:\/\/www.gemzse.hu\/wp-content\/uploads\/2016\/04\/Jegyz\u0151k\u00f6nyv-20160414-RN\u00d6.pdf\">RN\u00d6 Jegyz\u0151k\u00f6nyv 20160414<\/a><\/li>\n<li><a href=\"https:\/\/www.gemzse.hu\/wp-content\/uploads\/2016\/04\/Jegyz\u0151k\u00f6nyv-20160218.pdf\" rel=\"\">RN\u00d6 Jegyz\u0151k\u00f6nyv 20160218<\/a><\/li>\n<\/ul>\n","protected":false},"excerpt":{"rendered":"<p>RN\u00d6 Jegyz\u0151k\u00f6nyv 20161208 k\u00f6zmeghallgat\u00e1s RN\u00d6 Jegyz\u0151k\u00f6nyv 20161126 RN\u00d6 Jegyz\u0151k\u00f6nyv 20160916 RN\u00d6 Jegyz\u0151k\u00f6nyv 20160812 RN\u0150 Jegyz\u0151k\u00f6nyv 20160629 RN\u00d6 Jegyz\u0151k\u00f6nyv 20160531 RN\u00d6 Jegyz\u0151k\u00f6nyv 20160510 RN\u00d6 Jegyz\u0151k\u00f6nyv 20160414 RN\u00d6 Jegyz\u0151k\u00f6nyv 20160218<\/p>\n","protected":false},"author":1,"featured_media":0,"parent":306,"menu_order":98,"comment_status":"closed","ping_status":"closed","template":"","meta":{"footnotes":""},"class_list":["post-726","page","type-page","status-publish","hentry","nodate","item-wrap"],"_links":{"self":[{"href":"https:\/\/www.gemzse.hu\/index.php?rest_route=\/wp\/v2\/pages\/726","targetHints":{"allow":["GET"]}}],"collection":[{"href":"https:\/\/www.gemzse.hu\/index.php?rest_route=\/wp\/v2\/pages"}],"about":[{"href":"https:\/\/www.gemzse.hu\/index.php?rest_route=\/wp\/v2\/types\/page"}],"author":[{"embeddable":true,"href":"https:\/\/www.gemzse.hu\/index.php?rest_route=\/wp\/v2\/users\/1"}],"replies":[{"embeddable":true,"href":"https:\/\/www.gemzse.hu\/index.php?rest_route=%2Fwp%2Fv2%2Fcomments&post=726"}],"version-history":[{"count":7,"href":"https:\/\/www.gemzse.hu\/index.php?rest_route=\/wp\/v2\/pages\/726\/revisions"}],"predecessor-version":[{"id":1143,"href":"https:\/\/www.gemzse.hu\/index.php?rest_route=\/wp\/v2\/pages\/726\/revisions\/1143"}],"up":[{"embeddable":true,"href":"https:\/\/www.gemzse.hu\/index.php?rest_route=\/wp\/v2\/pages\/306"}],"wp:attachment":[{"href":"https:\/\/www.gemzse.hu\/index.php?rest_route=%2Fwp%2Fv2%2Fmedia&parent=726"}],"curies":[{"name":"wp","href":"https:\/\/api.w.org\/{rel}","templated":true}]}}