{"id":743,"date":"2016-05-31T21:35:45","date_gmt":"2016-05-31T19:35:45","guid":{"rendered":"http:\/\/www.gemzse.hu\/?page_id=743"},"modified":"2016-05-31T21:36:11","modified_gmt":"2016-05-31T19:36:11","slug":"kozbeszerzesi-tervek","status":"publish","type":"page","link":"https:\/\/www.gemzse.hu\/?page_id=743","title":{"rendered":"K\u00f6zbeszerz\u00e9si tervek"},"content":{"rendered":"<ul>\n<li><a href=\"https:\/\/www.gemzse.hu\/wp-content\/uploads\/2016\/05\/2016.-\u00e9vi-k\u00f6zbeszerz\u00e9si-terv.pdf\" rel=\"\">Gemzse K\u00f6zs\u00e9g \u00d6nkorm\u00e1nyzata K\u00e9pvisel\u0151-test\u00fclet\u00e9nek 12\/2016. (V. 27.) hat\u00e1rozata a <strong>2016. \u00e9vi k\u00f6zbeszerz\u00e9si terv<\/strong> elfogad\u00e1s\u00e1r\u00f3l<\/a><\/li>\n<\/ul>\n","protected":false},"excerpt":{"rendered":"<p>Gemzse K\u00f6zs\u00e9g \u00d6nkorm\u00e1nyzata K\u00e9pvisel\u0151-test\u00fclet\u00e9nek 12\/2016. (V. 27.) hat\u00e1rozata a 2016. \u00e9vi k\u00f6zbeszerz\u00e9si terv elfogad\u00e1s\u00e1r\u00f3l<\/p>\n","protected":false},"author":1,"featured_media":0,"parent":145,"menu_order":0,"comment_status":"closed","ping_status":"closed","template":"","meta":{"footnotes":""},"class_list":["post-743","page","type-page","status-publish","hentry","nodate","item-wrap"],"_links":{"self":[{"href":"https:\/\/www.gemzse.hu\/index.php?rest_route=\/wp\/v2\/pages\/743","targetHints":{"allow":["GET"]}}],"collection":[{"href":"https:\/\/www.gemzse.hu\/index.php?rest_route=\/wp\/v2\/pages"}],"about":[{"href":"https:\/\/www.gemzse.hu\/index.php?rest_route=\/wp\/v2\/types\/page"}],"author":[{"embeddable":true,"href":"https:\/\/www.gemzse.hu\/index.php?rest_route=\/wp\/v2\/users\/1"}],"replies":[{"embeddable":true,"href":"https:\/\/www.gemzse.hu\/index.php?rest_route=%2Fwp%2Fv2%2Fcomments&post=743"}],"version-history":[{"count":1,"href":"https:\/\/www.gemzse.hu\/index.php?rest_route=\/wp\/v2\/pages\/743\/revisions"}],"predecessor-version":[{"id":745,"href":"https:\/\/www.gemzse.hu\/index.php?rest_route=\/wp\/v2\/pages\/743\/revisions\/745"}],"up":[{"embeddable":true,"href":"https:\/\/www.gemzse.hu\/index.php?rest_route=\/wp\/v2\/pages\/145"}],"wp:attachment":[{"href":"https:\/\/www.gemzse.hu\/index.php?rest_route=%2Fwp%2Fv2%2Fmedia&parent=743"}],"curies":[{"name":"wp","href":"https:\/\/api.w.org\/{rel}","templated":true}]}}