{"id":892,"date":"2017-03-02T20:12:04","date_gmt":"2017-03-02T19:12:04","guid":{"rendered":"http:\/\/www.gemzse.hu\/?page_id=892"},"modified":"2018-03-24T17:12:17","modified_gmt":"2018-03-24T16:12:17","slug":"2017-evi-jegyzokonyvek","status":"publish","type":"page","link":"https:\/\/www.gemzse.hu\/?page_id=892","title":{"rendered":"2017. \u00e9vi jegyz\u0151k\u00f6nyvek"},"content":{"rendered":"<h4><strong>2016. \u00e9vi\u00a0K\u00e9pvisel\u0151-test\u00fcleti \u00fcl\u00e9sek jegyz\u0151k\u00f6nyvei<\/strong><\/h4>\n<ul>\n<li><a href=\"https:\/\/www.gemzse.hu\/wp-content\/uploads\/2018\/01\/jegyzokonyv_20171207_rendes_ules.pdf\">Jegyz\u0151k\u00f6nyv 20171207 rendes \u00fcl\u00e9s<\/a><\/li>\n<li><a href=\"https:\/\/www.gemzse.hu\/wp-content\/uploads\/2018\/01\/jegyzokonyv_20171130_kozmeghallgatas.pdf\">Jegyz\u0151k\u00f6nyv 20171130 k\u00f6zmeghallgat\u00e1s<\/a><\/li>\n<li><a href=\"https:\/\/www.gemzse.hu\/wp-content\/uploads\/2018\/01\/jegyzokonyv_20171121.pdf\">Jegyz\u0151k\u00f6nyv 20171121<\/a><\/li>\n<li><a href=\"https:\/\/www.gemzse.hu\/wp-content\/uploads\/2018\/01\/jegyzokonyv_20171017.pdf\">Jegyz\u0151k\u00f6nyv 20171017<\/a><\/li>\n<li><a href=\"https:\/\/www.gemzse.hu\/wp-content\/uploads\/2018\/01\/jegyzokonyv_20170926.pdf\">Jegyz\u0151k\u00f6nyv 20170926<\/a><\/li>\n<li><a href=\"https:\/\/www.gemzse.hu\/wp-content\/uploads\/2018\/01\/jegyzokonyv_20170912_rendkivuli_ules.pdf\">Jegyz\u0151k\u00f6nyv 20170912 rendk\u00edv\u00fcli \u00fcl\u00e9s<\/a><\/li>\n<li><a href=\"https:\/\/www.gemzse.hu\/wp-content\/uploads\/2018\/01\/jegyzokonyv_20170905.pdf\">Jegyz\u0151k\u00f6nyv 20170905<\/a><\/li>\n<li><a href=\"https:\/\/www.gemzse.hu\/wp-content\/uploads\/2018\/01\/jegyzokonyv_20170809.pdf\">Jegyz\u0151k\u00f6nyv 20170809<\/a><\/li>\n<li><a href=\"https:\/\/www.gemzse.hu\/wp-content\/uploads\/2018\/01\/jegyzokonyv_20170720.pdf\">Jegyz\u0151k\u00f6nyv 20170720<\/a><\/li>\n<li><a href=\"https:\/\/www.gemzse.hu\/wp-content\/uploads\/2018\/01\/jegyzokonyv_20170622.pdf\">Jegyz\u0151k\u00f6nyv 20170622<\/a><\/li>\n<li><a href=\"https:\/\/www.gemzse.hu\/wp-content\/uploads\/2018\/01\/jegyzokonyv_20170530.pdf\">Jegyz\u0151k\u00f6nyv 20170530<\/a><\/li>\n<li><a href=\"https:\/\/www.gemzse.hu\/wp-content\/uploads\/2018\/01\/jegyzokonyv_20170524_rendkivuli.pdf\">Jegyz\u0151k\u00f6nyv 20170524 rendk\u00edv\u00fcli<\/a><\/li>\n<li><a href=\"https:\/\/www.gemzse.hu\/wp-content\/uploads\/2018\/01\/jegyzokonyv_20170516.pdf\">Jegyz\u0151k\u00f6nyv <\/a><a href=\"https:\/\/www.gemzse.hu\/wp-content\/uploads\/2018\/01\/jegyzokonyv_20170516.pdf\">20170516<\/a><\/li>\n<li><a href=\"https:\/\/www.gemzse.hu\/wp-content\/uploads\/2018\/01\/jegyzokonyv_20170321_rendkivuli.pdf\">Jegyz\u0151k\u00f6nyv 20170321 rendk\u00edv\u00fc<\/a><a href=\"https:\/\/www.gemzse.hu\/wp-content\/uploads\/2018\/01\/jegyzokonyv_20170321_rendkivuli.pdf\">li<\/a><\/li>\n<li><a href=\"https:\/\/www.gemzse.hu\/wp-content\/uploads\/2017\/04\/Jegyz\u0151k\u00f6nyv-20170214.pdf\">Jegyz\u0151k\u00f6nyv 20170214<\/a><\/li>\n<li><a href=\"https:\/\/www.gemzse.hu\/wp-content\/uploads\/2017\/03\/Jegyzokonyv20170202rendkivuli.pdf\">Jegyz\u0151k\u00f6nyv 20170202 rendk\u00edv\u00fcli<\/a><\/li>\n<li><a href=\"https:\/\/www.gemzse.hu\/wp-content\/uploads\/2017\/03\/Jegyzokonyv20170124.pdf\">Jegyz\u0151k\u00f6nyv 20170124<\/a><\/li>\n<li><a href=\"https:\/\/www.gemzse.hu\/wp-content\/uploads\/2017\/03\/Jegyzokonyv20170112rendkivuli.pdf\">Jegyz\u0151k\u00f6nyv 20170112 rendk\u00edv\u00fcli<\/a><\/li>\n<\/ul>\n","protected":false},"excerpt":{"rendered":"<p>2016. \u00e9vi\u00a0K\u00e9pvisel\u0151-test\u00fcleti \u00fcl\u00e9sek jegyz\u0151k\u00f6nyvei Jegyz\u0151k\u00f6nyv 20171207 rendes \u00fcl\u00e9s Jegyz\u0151k\u00f6nyv 20171130 k\u00f6zmeghallgat\u00e1s Jegyz\u0151k\u00f6nyv 20171121 Jegyz\u0151k\u00f6nyv 20171017 Jegyz\u0151k\u00f6nyv 20170926 Jegyz\u0151k\u00f6nyv 20170912 rendk\u00edv\u00fcli \u00fcl\u00e9s Jegyz\u0151k\u00f6nyv 20170905 Jegyz\u0151k\u00f6nyv 20170809 Jegyz\u0151k\u00f6nyv 20170720 Jegyz\u0151k\u00f6nyv 20170622 Jegyz\u0151k\u00f6nyv 20170530 Jegyz\u0151k\u00f6nyv 20170524 rendk\u00edv\u00fcli Jegyz\u0151k\u00f6nyv 20170516 Jegyz\u0151k\u00f6nyv 20170321 rendk\u00edv\u00fcli Jegyz\u0151k\u00f6nyv 20170214 Jegyz\u0151k\u00f6nyv 20170202 rendk\u00edv\u00fcli Jegyz\u0151k\u00f6nyv 20170124 Jegyz\u0151k\u00f6nyv 20170112 rendk\u00edv\u00fcli<\/p>\n","protected":false},"author":1,"featured_media":0,"parent":19,"menu_order":97,"comment_status":"closed","ping_status":"closed","template":"","meta":{"footnotes":""},"class_list":["post-892","page","type-page","status-publish","hentry","nodate","item-wrap"],"_links":{"self":[{"href":"https:\/\/www.gemzse.hu\/index.php?rest_route=\/wp\/v2\/pages\/892","targetHints":{"allow":["GET"]}}],"collection":[{"href":"https:\/\/www.gemzse.hu\/index.php?rest_route=\/wp\/v2\/pages"}],"about":[{"href":"https:\/\/www.gemzse.hu\/index.php?rest_route=\/wp\/v2\/types\/page"}],"author":[{"embeddable":true,"href":"https:\/\/www.gemzse.hu\/index.php?rest_route=\/wp\/v2\/users\/1"}],"replies":[{"embeddable":true,"href":"https:\/\/www.gemzse.hu\/index.php?rest_route=%2Fwp%2Fv2%2Fcomments&post=892"}],"version-history":[{"count":11,"href":"https:\/\/www.gemzse.hu\/index.php?rest_route=\/wp\/v2\/pages\/892\/revisions"}],"predecessor-version":[{"id":1078,"href":"https:\/\/www.gemzse.hu\/index.php?rest_route=\/wp\/v2\/pages\/892\/revisions\/1078"}],"up":[{"embeddable":true,"href":"https:\/\/www.gemzse.hu\/index.php?rest_route=\/wp\/v2\/pages\/19"}],"wp:attachment":[{"href":"https:\/\/www.gemzse.hu\/index.php?rest_route=%2Fwp%2Fv2%2Fmedia&parent=892"}],"curies":[{"name":"wp","href":"https:\/\/api.w.org\/{rel}","templated":true}]}}